{"id":64981,"date":"2025-02-10T16:42:34","date_gmt":"2025-02-10T15:42:34","guid":{"rendered":"https:\/\/www.ryokantravel.fr\/?page_id=64981"},"modified":"2026-02-26T22:02:37","modified_gmt":"2026-02-26T21:02:37","slug":"politique-de-confidentialite","status":"publish","type":"page","link":"https:\/\/www.ryokanonsen.com\/de\/politique-de-confidentialite\/","title":{"rendered":"Datenschutzerkl\u00e4rung"},"content":{"rendered":"\n<p><strong>RyokanOnsen.com<\/strong> (<a href=\"http:\/\/www.ryokanonsen.com\/\">www.ryokanonsen.com<\/a>) ist eine Plattform, die sich auf die Bewerbung von Ryokans mit Onsen in ganz Japan spezialisiert hat und sich an Reisende richtet, die einzigartige Erlebnisse suchen. Wir legen gro\u00dfen Wert auf den Schutz Ihrer personenbezogenen Daten und verpflichten uns, die Vertraulichkeit Ihrer Informationen zu gew\u00e4hrleisten.<\/p>\n\n\n\n<h2 class=\"wp-block-heading\">Datenerhebung<\/h2>\n\n\n\n<p>F\u00fcr das Durchsuchen der verschiedenen gelisteten Ryokans ist auf unserer Website keine Registrierung erforderlich. Einige Unterk\u00fcnfte werden im Rahmen von Affiliate-Partnerschaften mit Plattformen wie Booking angeboten. S\u00e4mtliche Inhalte sind f\u00fcr Besucher ohne Registrierung zug\u00e4nglich.<\/p>\n\n\n\n<p>Ein Nutzerkonto ist nur f\u00fcr die Eigent\u00fcmer der Ryokans erforderlich, die ihre Unterkunft auf der Website eintragen m\u00f6chten, oder f\u00fcr jene, die Werbefl\u00e4chen in Form eines Banners mieten m\u00f6chten.<\/p>\n\n\n\n<p>Zur Darstellung der Ryokans erheben wir ausschlie\u00dflich \u00f6ffentlich zug\u00e4ngliche Informationen von den offiziellen Websites der Unterk\u00fcnfte oder aus Drittquellen wie Booking, Airbnb oder Hotels.com. Eigent\u00fcmer k\u00f6nnen jederzeit die Entfernung oder \u00c4nderung von Informationen zu ihrem Ryokan verlangen.<\/p>\n\n\n\n<h2 class=\"wp-block-heading\">Newsletter und Kontaktformulare<\/h2>\n\n\n\n<p>Unsere Website bietet ein Newsletter-Abonnementformular, \u00fcber das Besucher exklusive Angebote, Ideen f\u00fcr au\u00dfergew\u00f6hnliche Aufenthalte und Gewinnspiele erhalten k\u00f6nnen. Mit der Anmeldung zu unserem Newsletter stimmen Sie zu, Werbe-E-Mails von <strong>RyokanOnsen.com<\/strong> zu erhalten. Sie k\u00f6nnen sich jederzeit \u00fcber den Abmeldelink in jeder E-Mail abmelden.<\/p>\n\n\n\n<p>Auf der Website steht au\u00dferdem ein Kontaktformular zur Verf\u00fcgung, oder Sie k\u00f6nnen uns direkt kontaktieren unter: <strong>contact@ryokanonsen.com<\/strong>.<\/p>\n\n\n\n<h2 class=\"wp-block-heading\">Weitergabe von Daten<\/h2>\n\n\n\n<p>Wir geben Ihre personenbezogenen Daten nicht an Dritte weiter und verkaufen sie nicht. Allerdings k\u00f6nnen wir verpflichtet sein, bestimmte Informationen offenzulegen, wenn dies gesetzlich vorgeschrieben ist oder wenn es zum Schutz unserer Rechte und der Rechte unserer Nutzer erforderlich ist.<\/p>\n\n\n\n<p>Wir verwenden Sicherheitsprotokolle wie SSL-Verschl\u00fcsselung, um Ihre Daten zu sch\u00fctzen. Sie k\u00f6nnen die Aktivierung oder Deaktivierung von Cookies jederzeit \u00fcber Ihren Browser verwalten.<\/p>\n\n\n\n<h2 class=\"wp-block-heading\">Zugriff auf und \u00c4nderung personenbezogener Daten<\/h2>\n\n\n\n<p>Sie haben das Recht, Auskunft \u00fcber Ihre personenbezogenen Daten zu erhalten und im Falle von Fehlern deren Berichtigung zu verlangen. F\u00fcr Anfragen zum Zugriff oder zur \u00c4nderung kontaktieren Sie uns bitte unter: <strong>contact@ryokanonsen.com<\/strong>.<\/p>\n\n\n\n<h2 class=\"wp-block-heading\">\u00c4nderungen der Datenschutzerkl\u00e4rung<\/h2>\n\n\n\n<p>Wir behalten uns das Recht vor, diese Datenschutzerkl\u00e4rung jederzeit zu \u00e4ndern. Im Falle wesentlicher \u00c4nderungen wird eine Mitteilung auf unserer Website ver\u00f6ffentlicht.<\/p>\n\n\n\n<h2 class=\"wp-block-heading\">Kontakt<\/h2>\n\n\n\n<p>Die \u00fcber unser Kontaktformular oder den Newsletter erhobenen Informationen werden ausschlie\u00dflich zum Versand von Informationen im Zusammenhang mit <strong>RyokanOnsen.com<\/strong> verwendet und nicht an Dritte weitergegeben.<\/p>\n\n\n\n<p>Durch die Nutzung unserer Website stimmen Sie den Bedingungen dieser Datenschutzerkl\u00e4rung zu. Wenn Sie Fragen oder Bedenken haben, kontaktieren Sie uns bitte unter <strong>contact@ryokanonsen.com<\/strong>.<\/p>\n","protected":false},"excerpt":{"rendered":"<p>RyokanOnsen.com (www.ryokanonsen.com) ist eine Plattform, die sich auf die Bewerbung von Ryokans mit Onsen in ganz Japan spezialisiert hat und sich an Reisende richtet, die einzigartige Erlebnisse suchen. Wir legen gro\u00dfen Wert auf den Schutz Ihrer personenbezogenen Daten und verpflichten uns, die Vertraulichkeit Ihrer Informationen zu gew\u00e4hrleisten. Datenerhebung F\u00fcr das Durchsuchen der verschiedenen gelisteten Ryokans &#8230;<\/p>\n","protected":false},"author":1,"featured_media":0,"parent":0,"menu_order":0,"comment_status":"closed","ping_status":"closed","template":"","meta":{"loftocean_post_format_gallery":"","loftocean_post_format_gallery_ids":"","loftocean_post_format_gallery_urls":"","loftocean_post_format_video_id":0,"loftocean_post_format_video_url":"","loftocean_post_format_video_type":"","loftocean_post_format_video":"","loftocean_post_format_audio_type":"","loftocean_post_format_audio_url":"","loftocean_post_format_audio_id":0,"loftocean_post_format_audio":"","loftocean-featured-post":"","loftocean-like-count":0,"loftocean-view-count":0,"loftocean-enable-content-navigation":"","loftocean-content-navigation-position":"","loftocean-content-navigation-heading":"","loftocean-content-navigation-label":"","loftocean-content-navigation-icon":"","loftocean-map-location":"","loftocean-map-latlng":"","loftocean-map-auto-latlng":"","eaven_single_post_hide_thumbnail":"","eaven_single_post_template":"","eaven_single_post_sidebar":"","eaven_hide_before_page_content_ad":"","eaven_hide_after_page_content_ad":"","eaven_advanced_classname":"","footnotes":""},"class_list":["post-64981","page","type-page","status-publish"],"_links":{"self":[{"href":"https:\/\/www.ryokanonsen.com\/de\/wp-json\/wp\/v2\/pages\/64981","targetHints":{"allow":["GET"]}}],"collection":[{"href":"https:\/\/www.ryokanonsen.com\/de\/wp-json\/wp\/v2\/pages"}],"about":[{"href":"https:\/\/www.ryokanonsen.com\/de\/wp-json\/wp\/v2\/types\/page"}],"author":[{"embeddable":true,"href":"https:\/\/www.ryokanonsen.com\/de\/wp-json\/wp\/v2\/users\/1"}],"replies":[{"embeddable":true,"href":"https:\/\/www.ryokanonsen.com\/de\/wp-json\/wp\/v2\/comments?post=64981"}],"version-history":[{"count":4,"href":"https:\/\/www.ryokanonsen.com\/de\/wp-json\/wp\/v2\/pages\/64981\/revisions"}],"predecessor-version":[{"id":135262,"href":"https:\/\/www.ryokanonsen.com\/de\/wp-json\/wp\/v2\/pages\/64981\/revisions\/135262"}],"wp:attachment":[{"href":"https:\/\/www.ryokanonsen.com\/de\/wp-json\/wp\/v2\/media?parent=64981"}],"curies":[{"name":"wp","href":"https:\/\/api.w.org\/{rel}","templated":true}]}}